{"id":624,"date":"2024-11-09T14:18:09","date_gmt":"2024-11-09T19:18:09","guid":{"rendered":"https:\/\/dwbglobaltam.com\/staging\/2174\/?page_id=624"},"modified":"2024-11-18T21:44:26","modified_gmt":"2024-11-19T02:44:26","slug":"meet-mr-omar-diaz","status":"publish","type":"page","link":"https:\/\/dwbglobaltam.com\/staging\/2174\/our-people\/meet-mr-omar-diaz\/","title":{"rendered":"Meet Mr. Omar Diaz"},"content":{"rendered":"\n<div class=\"nfd-container nfd-p-lg nfd-wb-features__features-7 wp-block-group is-layout-constrained wp-block-group-is-layout-constrained\">\n<div class=\"nfd-text-base nfd-gap-3xl wp-block-columns is-layout-flex wp-container-core-columns-is-layout-28f84493 wp-block-columns-is-layout-flex\">\n<div class=\"wp-block-column is-vertically-aligned-top is-layout-flow wp-container-core-column-is-layout-8a368f38 wp-block-column-is-layout-flow\" style=\"flex-basis:50%\">\n<figure class=\"nfd-rounded is-style-yith-wonder-image-creative-2 wp-block-image size-full\"><img data-recalc-dims=\"1\" decoding=\"async\" width=\"972\" height=\"962\" loading=\"lazy\" src=\"https:\/\/i0.wp.com\/dwbglobaltam.com\/staging\/2174\/wp-content\/uploads\/2024\/10\/IMG_4849.png?resize=972%2C962&#038;ssl=1\" alt=\"\" class=\"wp-image-128\" style=\"aspect-ratio:1;object-fit:cover\" srcset=\"https:\/\/i0.wp.com\/dwbglobaltam.com\/staging\/2174\/wp-content\/uploads\/2024\/10\/IMG_4849.png?w=972&amp;ssl=1 972w, https:\/\/i0.wp.com\/dwbglobaltam.com\/staging\/2174\/wp-content\/uploads\/2024\/10\/IMG_4849.png?resize=300%2C297&amp;ssl=1 300w, https:\/\/i0.wp.com\/dwbglobaltam.com\/staging\/2174\/wp-content\/uploads\/2024\/10\/IMG_4849.png?resize=768%2C760&amp;ssl=1 768w, https:\/\/i0.wp.com\/dwbglobaltam.com\/staging\/2174\/wp-content\/uploads\/2024\/10\/IMG_4849.png?resize=600%2C594&amp;ssl=1 600w\" sizes=\"auto, (max-width: 972px) 100vw, 972px\" \/><\/figure>\n<\/div>\n\n\n\n<div class=\"md:nfd-order-2 nfd-text-md wp-block-column is-vertically-aligned-center is-layout-flow wp-container-core-column-is-layout-8eebadab wp-block-column-is-layout-flow\" style=\"flex-basis:50%\">\n<div class=\"nfd-gap-lg wp-block-group is-vertical is-layout-flex wp-container-core-group-is-layout-fe9cc265 wp-block-group-is-layout-flex\">\n<div class=\"wp-block-group is-nowrap is-layout-flex wp-container-core-group-is-layout-6c531013 wp-block-group-is-layout-flex\">\n<div class=\"nfd-shadow-xs nfd-rounded-full nfd-bg-subtle wp-block-group is-layout-constrained wp-container-core-group-is-layout-c4486197 wp-block-group-is-layout-constrained\" style=\"padding-top:6px;padding-right:16px;padding-bottom:6px;padding-left:16px\">\n<p class=\"nfd-text-xs\" style=\"font-style:normal;font-weight:600;text-transform:uppercase\"><strong>Chief Development for Africa<\/strong><\/p>\n<\/div>\n<\/div>\n\n\n\n<h2 class=\"nfd-text-xl nfd-text-contrast nfd-text-balance wp-block-heading\">Mr. Omar Diaz<\/h2>\n\n\n\n<div class=\"nfd-text-pretty wp-block-group is-vertical is-layout-flex wp-container-core-group-is-layout-fe9cc265 wp-block-group-is-layout-flex\">\n<p class=\"\">Omar Dias, born in Luanda on June 12, 1991, is a skilled logistics and operations specialist from Angola. With a robust background in supply chain management and international business, he has held key positions including Logistics\/Import Supervisor at DJ-Florist in Johannesburg and Logistics Director at A.J.C Canhongo G\u00e1s Distribuidora in Luanda.<\/p>\n\n\n\n<p class=\"\">Currently, Omar is a Managing Partner at Y.A.B.M Com\u00e9rcio e Presta\u00e7\u00e3o de Servi\u00e7os, where he consults on commodities, financial logistics, mining, infrastructure, and food supply. His previous role as a Relationship Manager for Racius Urbanos focused on international business and due diligence.<\/p>\n\n\n\n<p class=\"\">Fluent in Portuguese, English, Spanish, and French, Omar is also dedicated to community service and research in emotional intelligence. His passions for adventure and photography highlight his commitment to personal growth and connecting with others.<\/p>\n\n\n\n<p class=\"has-primary-color has-text-color has-link-color wp-elements-72b2b41812f8148d2b9a987bf69099b8\">Get in touch with our agency today to explore your professional requirements and discover the ways we can make a difference.<\/p>\n<\/div>\n\n\n\n<div class=\"wp-block-buttons is-horizontal is-content-justification-left is-layout-flex wp-container-core-buttons-is-layout-c4719c80 wp-block-buttons-is-layout-flex\">\n<div class=\"nfd-btn-lg  wp-block-button\"><a class=\"wp-block-button__link wp-element-button\" href=\"https:\/\/dwbglobaltam.com\/staging\/2174\/our-people\/\"><strong>\u21a9\ufe0e<\/strong> Back to Our People<\/a><\/div>\n<\/div>\n<\/div>\n<\/div>\n<\/div>\n<\/div>\n","protected":false},"excerpt":{"rendered":"<p>Chief Development for Africa Mr. Omar Diaz Omar Dias, born in Luanda on June 12, 1991, is a skilled logistics and operations specialist from Angola. With a robust background in supply chain management and international business, he has held key positions including Logistics\/Import Supervisor at DJ-Florist in Johannesburg and Logistics Director at A.J.C Canhongo G\u00e1s [&hellip;]<\/p>\n","protected":false},"author":1,"featured_media":0,"parent":25,"menu_order":0,"comment_status":"closed","ping_status":"closed","template":"","meta":{"nf_dc_page":"","om_disable_all_campaigns":false,"_monsterinsights_skip_tracking":false,"_monsterinsights_sitenote_active":false,"_monsterinsights_sitenote_note":"","_monsterinsights_sitenote_category":0,"jetpack_post_was_ever_published":false,"footnotes":""},"class_list":["post-624","page","type-page","status-publish","hentry"],"yoast_head":"<!-- This site is optimized with the Yoast SEO plugin v27.5 - https:\/\/yoast.com\/product\/yoast-seo-wordpress\/ -->\n<title>Meet Mr. Omar Diaz - DWB Global Tactical Asset Management<\/title>\n<meta name=\"robots\" content=\"index, follow, max-snippet:-1, max-image-preview:large, max-video-preview:-1\" \/>\n<link rel=\"canonical\" href=\"https:\/\/dwbglobaltam.com\/staging\/2174\/our-people\/meet-mr-omar-diaz\/\" \/>\n<meta property=\"og:locale\" content=\"en_US\" \/>\n<meta property=\"og:type\" content=\"article\" \/>\n<meta property=\"og:title\" content=\"Meet Mr. Omar Diaz - DWB Global Tactical Asset Management\" \/>\n<meta property=\"og:description\" content=\"Chief Development for Africa Mr. Omar Diaz Omar Dias, born in Luanda on June 12, 1991, is a skilled logistics and operations specialist from Angola. With a robust background in supply chain management and international business, he has held key positions including Logistics\/Import Supervisor at DJ-Florist in Johannesburg and Logistics Director at A.J.C Canhongo G\u00e1s [&hellip;]\" \/>\n<meta property=\"og:url\" content=\"https:\/\/dwbglobaltam.com\/staging\/2174\/our-people\/meet-mr-omar-diaz\/\" \/>\n<meta property=\"og:site_name\" content=\"DWB Global Tactical Asset Management\" \/>\n<meta property=\"article:modified_time\" content=\"2024-11-19T02:44:26+00:00\" \/>\n<meta property=\"og:image\" content=\"https:\/\/dwbglobaltam.com\/staging\/2174\/wp-content\/uploads\/2024\/10\/IMG_4849.png\" \/>\n<meta name=\"twitter:card\" content=\"summary_large_image\" \/>\n<meta name=\"twitter:label1\" content=\"Est. reading time\" \/>\n\t<meta name=\"twitter:data1\" content=\"1 minute\" \/>\n<script type=\"application\/ld+json\" class=\"yoast-schema-graph\">{\"@context\":\"https:\\\/\\\/schema.org\",\"@graph\":[{\"@type\":\"WebPage\",\"@id\":\"https:\\\/\\\/dwbglobaltam.com\\\/staging\\\/2174\\\/our-people\\\/meet-mr-omar-diaz\\\/\",\"url\":\"https:\\\/\\\/dwbglobaltam.com\\\/staging\\\/2174\\\/our-people\\\/meet-mr-omar-diaz\\\/\",\"name\":\"Meet Mr. Omar Diaz - DWB Global Tactical Asset Management\",\"isPartOf\":{\"@id\":\"https:\\\/\\\/dwbglobaltam.com\\\/staging\\\/2174\\\/#website\"},\"primaryImageOfPage\":{\"@id\":\"https:\\\/\\\/dwbglobaltam.com\\\/staging\\\/2174\\\/our-people\\\/meet-mr-omar-diaz\\\/#primaryimage\"},\"image\":{\"@id\":\"https:\\\/\\\/dwbglobaltam.com\\\/staging\\\/2174\\\/our-people\\\/meet-mr-omar-diaz\\\/#primaryimage\"},\"thumbnailUrl\":\"https:\\\/\\\/dwbglobaltam.com\\\/staging\\\/2174\\\/wp-content\\\/uploads\\\/2024\\\/10\\\/IMG_4849.png\",\"datePublished\":\"2024-11-09T19:18:09+00:00\",\"dateModified\":\"2024-11-19T02:44:26+00:00\",\"breadcrumb\":{\"@id\":\"https:\\\/\\\/dwbglobaltam.com\\\/staging\\\/2174\\\/our-people\\\/meet-mr-omar-diaz\\\/#breadcrumb\"},\"inLanguage\":\"en-US\",\"potentialAction\":[{\"@type\":\"ReadAction\",\"target\":[\"https:\\\/\\\/dwbglobaltam.com\\\/staging\\\/2174\\\/our-people\\\/meet-mr-omar-diaz\\\/\"]}]},{\"@type\":\"ImageObject\",\"inLanguage\":\"en-US\",\"@id\":\"https:\\\/\\\/dwbglobaltam.com\\\/staging\\\/2174\\\/our-people\\\/meet-mr-omar-diaz\\\/#primaryimage\",\"url\":\"https:\\\/\\\/i0.wp.com\\\/dwbglobaltam.com\\\/staging\\\/2174\\\/wp-content\\\/uploads\\\/2024\\\/10\\\/IMG_4849.png?fit=972%2C962&ssl=1\",\"contentUrl\":\"https:\\\/\\\/i0.wp.com\\\/dwbglobaltam.com\\\/staging\\\/2174\\\/wp-content\\\/uploads\\\/2024\\\/10\\\/IMG_4849.png?fit=972%2C962&ssl=1\",\"width\":972,\"height\":962},{\"@type\":\"BreadcrumbList\",\"@id\":\"https:\\\/\\\/dwbglobaltam.com\\\/staging\\\/2174\\\/our-people\\\/meet-mr-omar-diaz\\\/#breadcrumb\",\"itemListElement\":[{\"@type\":\"ListItem\",\"position\":1,\"name\":\"Home\",\"item\":\"https:\\\/\\\/dwbglobaltam.com\\\/staging\\\/2174\\\/\"},{\"@type\":\"ListItem\",\"position\":2,\"name\":\"Our People\",\"item\":\"https:\\\/\\\/dwbglobaltam.com\\\/staging\\\/2174\\\/our-people\\\/\"},{\"@type\":\"ListItem\",\"position\":3,\"name\":\"Meet Mr. Omar Diaz\"}]},{\"@type\":\"WebSite\",\"@id\":\"https:\\\/\\\/dwbglobaltam.com\\\/staging\\\/2174\\\/#website\",\"url\":\"https:\\\/\\\/dwbglobaltam.com\\\/staging\\\/2174\\\/\",\"name\":\"DWB Global Tactical Asset Management\",\"description\":\"Helping partners transform resources into sustained long-term prosperity, with a focus on African nations.\",\"publisher\":{\"@id\":\"https:\\\/\\\/dwbglobaltam.com\\\/staging\\\/2174\\\/#organization\"},\"potentialAction\":[{\"@type\":\"SearchAction\",\"target\":{\"@type\":\"EntryPoint\",\"urlTemplate\":\"https:\\\/\\\/dwbglobaltam.com\\\/staging\\\/2174\\\/?s={search_term_string}\"},\"query-input\":{\"@type\":\"PropertyValueSpecification\",\"valueRequired\":true,\"valueName\":\"search_term_string\"}}],\"inLanguage\":\"en-US\"},{\"@type\":\"Organization\",\"@id\":\"https:\\\/\\\/dwbglobaltam.com\\\/staging\\\/2174\\\/#organization\",\"name\":\"DWB Global Tactical Asset Management\",\"url\":\"https:\\\/\\\/dwbglobaltam.com\\\/staging\\\/2174\\\/\",\"logo\":{\"@type\":\"ImageObject\",\"inLanguage\":\"en-US\",\"@id\":\"https:\\\/\\\/dwbglobaltam.com\\\/staging\\\/2174\\\/#\\\/schema\\\/logo\\\/image\\\/\",\"url\":\"https:\\\/\\\/i0.wp.com\\\/dwbglobaltam.com\\\/staging\\\/2174\\\/wp-content\\\/uploads\\\/2024\\\/10\\\/DWB-Logo-New_inc2015v2.png?fit=898%2C813&ssl=1\",\"contentUrl\":\"https:\\\/\\\/i0.wp.com\\\/dwbglobaltam.com\\\/staging\\\/2174\\\/wp-content\\\/uploads\\\/2024\\\/10\\\/DWB-Logo-New_inc2015v2.png?fit=898%2C813&ssl=1\",\"width\":898,\"height\":813,\"caption\":\"DWB Global Tactical Asset Management\"},\"image\":{\"@id\":\"https:\\\/\\\/dwbglobaltam.com\\\/staging\\\/2174\\\/#\\\/schema\\\/logo\\\/image\\\/\"}}]}<\/script>\n<!-- \/ Yoast SEO plugin. -->","yoast_head_json":{"title":"Meet Mr. Omar Diaz - DWB Global Tactical Asset Management","robots":{"index":"index","follow":"follow","max-snippet":"max-snippet:-1","max-image-preview":"max-image-preview:large","max-video-preview":"max-video-preview:-1"},"canonical":"https:\/\/dwbglobaltam.com\/staging\/2174\/our-people\/meet-mr-omar-diaz\/","og_locale":"en_US","og_type":"article","og_title":"Meet Mr. Omar Diaz - DWB Global Tactical Asset Management","og_description":"Chief Development for Africa Mr. Omar Diaz Omar Dias, born in Luanda on June 12, 1991, is a skilled logistics and operations specialist from Angola. With a robust background in supply chain management and international business, he has held key positions including Logistics\/Import Supervisor at DJ-Florist in Johannesburg and Logistics Director at A.J.C Canhongo G\u00e1s [&hellip;]","og_url":"https:\/\/dwbglobaltam.com\/staging\/2174\/our-people\/meet-mr-omar-diaz\/","og_site_name":"DWB Global Tactical Asset Management","article_modified_time":"2024-11-19T02:44:26+00:00","og_image":[{"url":"https:\/\/dwbglobaltam.com\/staging\/2174\/wp-content\/uploads\/2024\/10\/IMG_4849.png","type":"","width":"","height":""}],"twitter_card":"summary_large_image","twitter_misc":{"Est. reading time":"1 minute"},"schema":{"@context":"https:\/\/schema.org","@graph":[{"@type":"WebPage","@id":"https:\/\/dwbglobaltam.com\/staging\/2174\/our-people\/meet-mr-omar-diaz\/","url":"https:\/\/dwbglobaltam.com\/staging\/2174\/our-people\/meet-mr-omar-diaz\/","name":"Meet Mr. Omar Diaz - DWB Global Tactical Asset Management","isPartOf":{"@id":"https:\/\/dwbglobaltam.com\/staging\/2174\/#website"},"primaryImageOfPage":{"@id":"https:\/\/dwbglobaltam.com\/staging\/2174\/our-people\/meet-mr-omar-diaz\/#primaryimage"},"image":{"@id":"https:\/\/dwbglobaltam.com\/staging\/2174\/our-people\/meet-mr-omar-diaz\/#primaryimage"},"thumbnailUrl":"https:\/\/dwbglobaltam.com\/staging\/2174\/wp-content\/uploads\/2024\/10\/IMG_4849.png","datePublished":"2024-11-09T19:18:09+00:00","dateModified":"2024-11-19T02:44:26+00:00","breadcrumb":{"@id":"https:\/\/dwbglobaltam.com\/staging\/2174\/our-people\/meet-mr-omar-diaz\/#breadcrumb"},"inLanguage":"en-US","potentialAction":[{"@type":"ReadAction","target":["https:\/\/dwbglobaltam.com\/staging\/2174\/our-people\/meet-mr-omar-diaz\/"]}]},{"@type":"ImageObject","inLanguage":"en-US","@id":"https:\/\/dwbglobaltam.com\/staging\/2174\/our-people\/meet-mr-omar-diaz\/#primaryimage","url":"https:\/\/i0.wp.com\/dwbglobaltam.com\/staging\/2174\/wp-content\/uploads\/2024\/10\/IMG_4849.png?fit=972%2C962&ssl=1","contentUrl":"https:\/\/i0.wp.com\/dwbglobaltam.com\/staging\/2174\/wp-content\/uploads\/2024\/10\/IMG_4849.png?fit=972%2C962&ssl=1","width":972,"height":962},{"@type":"BreadcrumbList","@id":"https:\/\/dwbglobaltam.com\/staging\/2174\/our-people\/meet-mr-omar-diaz\/#breadcrumb","itemListElement":[{"@type":"ListItem","position":1,"name":"Home","item":"https:\/\/dwbglobaltam.com\/staging\/2174\/"},{"@type":"ListItem","position":2,"name":"Our People","item":"https:\/\/dwbglobaltam.com\/staging\/2174\/our-people\/"},{"@type":"ListItem","position":3,"name":"Meet Mr. Omar Diaz"}]},{"@type":"WebSite","@id":"https:\/\/dwbglobaltam.com\/staging\/2174\/#website","url":"https:\/\/dwbglobaltam.com\/staging\/2174\/","name":"DWB Global Tactical Asset Management","description":"Helping partners transform resources into sustained long-term prosperity, with a focus on African nations.","publisher":{"@id":"https:\/\/dwbglobaltam.com\/staging\/2174\/#organization"},"potentialAction":[{"@type":"SearchAction","target":{"@type":"EntryPoint","urlTemplate":"https:\/\/dwbglobaltam.com\/staging\/2174\/?s={search_term_string}"},"query-input":{"@type":"PropertyValueSpecification","valueRequired":true,"valueName":"search_term_string"}}],"inLanguage":"en-US"},{"@type":"Organization","@id":"https:\/\/dwbglobaltam.com\/staging\/2174\/#organization","name":"DWB Global Tactical Asset Management","url":"https:\/\/dwbglobaltam.com\/staging\/2174\/","logo":{"@type":"ImageObject","inLanguage":"en-US","@id":"https:\/\/dwbglobaltam.com\/staging\/2174\/#\/schema\/logo\/image\/","url":"https:\/\/i0.wp.com\/dwbglobaltam.com\/staging\/2174\/wp-content\/uploads\/2024\/10\/DWB-Logo-New_inc2015v2.png?fit=898%2C813&ssl=1","contentUrl":"https:\/\/i0.wp.com\/dwbglobaltam.com\/staging\/2174\/wp-content\/uploads\/2024\/10\/DWB-Logo-New_inc2015v2.png?fit=898%2C813&ssl=1","width":898,"height":813,"caption":"DWB Global Tactical Asset Management"},"image":{"@id":"https:\/\/dwbglobaltam.com\/staging\/2174\/#\/schema\/logo\/image\/"}}]}},"jetpack_sharing_enabled":true,"_links":{"self":[{"href":"https:\/\/dwbglobaltam.com\/staging\/2174\/wp-json\/wp\/v2\/pages\/624","targetHints":{"allow":["GET"]}}],"collection":[{"href":"https:\/\/dwbglobaltam.com\/staging\/2174\/wp-json\/wp\/v2\/pages"}],"about":[{"href":"https:\/\/dwbglobaltam.com\/staging\/2174\/wp-json\/wp\/v2\/types\/page"}],"author":[{"embeddable":true,"href":"https:\/\/dwbglobaltam.com\/staging\/2174\/wp-json\/wp\/v2\/users\/1"}],"replies":[{"embeddable":true,"href":"https:\/\/dwbglobaltam.com\/staging\/2174\/wp-json\/wp\/v2\/comments?post=624"}],"version-history":[{"count":3,"href":"https:\/\/dwbglobaltam.com\/staging\/2174\/wp-json\/wp\/v2\/pages\/624\/revisions"}],"predecessor-version":[{"id":766,"href":"https:\/\/dwbglobaltam.com\/staging\/2174\/wp-json\/wp\/v2\/pages\/624\/revisions\/766"}],"up":[{"embeddable":true,"href":"https:\/\/dwbglobaltam.com\/staging\/2174\/wp-json\/wp\/v2\/pages\/25"}],"wp:attachment":[{"href":"https:\/\/dwbglobaltam.com\/staging\/2174\/wp-json\/wp\/v2\/media?parent=624"}],"curies":[{"name":"wp","href":"https:\/\/api.w.org\/{rel}","templated":true}]}}